{"id":369,"date":"2025-05-20T21:53:38","date_gmt":"2025-05-20T19:53:38","guid":{"rendered":"https:\/\/rstgames.fr\/?post_type=product&#038;p=369"},"modified":"2026-02-27T17:55:51","modified_gmt":"2026-02-27T16:55:51","slug":"dragon-ball-z-la-legende-saien-sfra","status":"publish","type":"product","link":"https:\/\/rstgames.fr\/en\/produit\/dragon-ball-z-la-legende-saien-sfra\/","title":{"rendered":"Dragon Ball Z La L\u00e9gende Sa\u00efen [SFRA]"},"content":{"rendered":"<p>Dragon Ball Z La L\u00e9gende Sa\u00efen [SFRA] &#8211; Reproduced box<\/p>\n<p>&#8211; Box only<br \/>\n&#8211; Game not included<br \/>\n&#8211; Optional insert (cardboard wedge to assemble), tutorial here: https:\/\/www.youtube.com\/watch?v=yDS8rXrbhNI<\/p>\n<p>Box designed to package your personal collection.<\/p>\n<p>Professional printing on cardboard identical to that used for the boxes of the time.<br \/>\nCardboard folding similar to that of the old boxes.<\/p>\n<p>Package fully scanned and retouched by me.<br \/>\nSlight variations in color may be noticeable compared to the boxes of the time.<\/p>","protected":false},"excerpt":{"rendered":"<p>Dragon Ball Z La L\u00e9gende Sa\u00efen [SFRA]<\/p>\n","protected":false},"featured_media":375,"comment_status":"closed","ping_status":"closed","template":"","meta":[],"product_brand":[],"product_cat":[25],"product_tag":[42,44,23],"class_list":{"0":"post-369","1":"product","2":"type-product","3":"status-publish","4":"has-post-thumbnail","6":"product_cat-box-snes","7":"product_tag-dragon-ball-z","8":"product_tag-la-legende-saien","9":"product_tag-snes","11":"first","12":"instock","13":"shipping-taxable","14":"purchasable","15":"product-type-variable","16":"has-default-attributes"},"jetpack_sharing_enabled":true,"_links":{"self":[{"href":"https:\/\/rstgames.fr\/en\/wp-json\/wp\/v2\/product\/369","targetHints":{"allow":["GET"]}}],"collection":[{"href":"https:\/\/rstgames.fr\/en\/wp-json\/wp\/v2\/product"}],"about":[{"href":"https:\/\/rstgames.fr\/en\/wp-json\/wp\/v2\/types\/product"}],"replies":[{"embeddable":true,"href":"https:\/\/rstgames.fr\/en\/wp-json\/wp\/v2\/comments?post=369"}],"wp:featuredmedia":[{"embeddable":true,"href":"https:\/\/rstgames.fr\/en\/wp-json\/wp\/v2\/media\/375"}],"wp:attachment":[{"href":"https:\/\/rstgames.fr\/en\/wp-json\/wp\/v2\/media?parent=369"}],"wp:term":[{"taxonomy":"product_brand","embeddable":true,"href":"https:\/\/rstgames.fr\/en\/wp-json\/wp\/v2\/product_brand?post=369"},{"taxonomy":"product_cat","embeddable":true,"href":"https:\/\/rstgames.fr\/en\/wp-json\/wp\/v2\/product_cat?post=369"},{"taxonomy":"product_tag","embeddable":true,"href":"https:\/\/rstgames.fr\/en\/wp-json\/wp\/v2\/product_tag?post=369"}],"curies":[{"name":"wp","href":"https:\/\/api.w.org\/{rel}","templated":true}]}}