{"id":1866,"date":"2026-01-08T21:56:07","date_gmt":"2026-01-08T20:56:07","guid":{"rendered":"https:\/\/rstgames.fr\/?post_type=product&#038;p=1866"},"modified":"2026-01-09T06:46:02","modified_gmt":"2026-01-09T05:46:02","slug":"commande-personnalisee","status":"publish","type":"product","link":"https:\/\/rstgames.fr\/en\/produit\/commande-personnalisee\/","title":{"rendered":"Livret d&#8217;instructions Super Nintendo SNES (x10) (Copie)"},"content":{"rendered":"<p>Lot de 10 livrets repro &#8220;Informations et pr\u00e9cautions d&#8217;emploi&#8221; SNES FAH-1<br \/>\nImpression sur papier 90g\/m\u00b2.<br \/>\nPliage roul\u00e9 identique \u00e0 celui de l&#8217;\u00e9poque.<\/p>\n<p>Int\u00e9rieur fid\u00e8le au design des ann\u00e9es 90&#8242;.<br \/>\nIls \u00e9taient pr\u00e9sents dans les packs console et avec les jeux complets, id\u00e9al pour compl\u00e9ter vos sets.<\/p>\n<p>N\u2019h\u00e9sitez pas \u00e0 poser toute question par message priv\u00e9, r\u00e9ponse rapide.<\/p>","protected":false},"excerpt":{"rendered":"<p>Livrets instruction SNES<\/p>\n","protected":false},"featured_media":1867,"comment_status":"closed","ping_status":"closed","template":"","meta":[],"product_brand":[],"product_cat":[29],"product_tag":[133,23],"class_list":{"0":"post-1866","1":"product","2":"type-product","3":"status-publish","4":"has-post-thumbnail","6":"product_cat-accessoires-snes","7":"product_tag-livret","8":"product_tag-snes","10":"first","11":"outofstock","12":"shipping-taxable","13":"purchasable","14":"product-type-simple"},"jetpack_sharing_enabled":true,"_links":{"self":[{"href":"https:\/\/rstgames.fr\/en\/wp-json\/wp\/v2\/product\/1866","targetHints":{"allow":["GET"]}}],"collection":[{"href":"https:\/\/rstgames.fr\/en\/wp-json\/wp\/v2\/product"}],"about":[{"href":"https:\/\/rstgames.fr\/en\/wp-json\/wp\/v2\/types\/product"}],"replies":[{"embeddable":true,"href":"https:\/\/rstgames.fr\/en\/wp-json\/wp\/v2\/comments?post=1866"}],"wp:featuredmedia":[{"embeddable":true,"href":"https:\/\/rstgames.fr\/en\/wp-json\/wp\/v2\/media\/1867"}],"wp:attachment":[{"href":"https:\/\/rstgames.fr\/en\/wp-json\/wp\/v2\/media?parent=1866"}],"wp:term":[{"taxonomy":"product_brand","embeddable":true,"href":"https:\/\/rstgames.fr\/en\/wp-json\/wp\/v2\/product_brand?post=1866"},{"taxonomy":"product_cat","embeddable":true,"href":"https:\/\/rstgames.fr\/en\/wp-json\/wp\/v2\/product_cat?post=1866"},{"taxonomy":"product_tag","embeddable":true,"href":"https:\/\/rstgames.fr\/en\/wp-json\/wp\/v2\/product_tag?post=1866"}],"curies":[{"name":"wp","href":"https:\/\/api.w.org\/{rel}","templated":true}]}}